{"id":19,"date":"2012-03-07T09:51:24","date_gmt":"2012-03-07T09:51:24","guid":{"rendered":"http:\/\/www.atelier-a3.pl\/spak\/?page_id=19"},"modified":"2023-01-05T17:36:55","modified_gmt":"2023-01-05T17:36:55","slug":"skladki","status":"publish","type":"page","link":"http:\/\/www.spak.art.pl\/?page_id=19","title":{"rendered":"Sk\u0142adki"},"content":{"rendered":"<p style=\"text-align: center;\"><span style=\"font-size: 14px;\"><strong>KONTO SPAK<\/strong><\/span><\/p>\n<p style=\"text-align: center;\"><strong>Wp\u0142at nale\u017cy dokonywa\u0107 na nowy rachunek bankowy SPAK:<\/strong><\/p>\n<p style=\"text-align: center;\"><strong>Bank PKO BP <\/strong><\/p>\n<p style=\"text-align: center;\"><strong>nr 57 1020 4287 0000 2302 0176 8126<\/strong><\/p>\n<p style=\"text-align: center;\"><span style=\"font-size: 14px;\">UWAGA &#8211; od 2023 roku sk\u0142adka roczna wynosi <strong>150<\/strong> z\u0142.<\/span><br \/>\n<span style=\"font-size: 14px;\"> P\u0142atna raz w roku w okresie od 1 stycznia do 31 marca.<\/span><\/p>\n","protected":false},"excerpt":{"rendered":"<p>KONTO SPAK Wp\u0142at nale\u017cy dokonywa\u0107 na nowy rachunek bankowy SPAK: Bank PKO BP nr 57 1020 4287 0000 2302 0176 8126 UWAGA &#8211; od 2023 roku sk\u0142adka roczna wynosi 150 z\u0142. P\u0142atna raz w roku w okresie od 1 stycznia do 31 marca.<\/p>\n","protected":false},"author":1,"featured_media":0,"parent":0,"menu_order":0,"comment_status":"open","ping_status":"open","template":"","meta":{"ngg_post_thumbnail":0,"footnotes":""},"class_list":["post-19","page","type-page","status-publish","hentry","nodate","item-wrap"],"_links":{"self":[{"href":"http:\/\/www.spak.art.pl\/index.php?rest_route=\/wp\/v2\/pages\/19","targetHints":{"allow":["GET"]}}],"collection":[{"href":"http:\/\/www.spak.art.pl\/index.php?rest_route=\/wp\/v2\/pages"}],"about":[{"href":"http:\/\/www.spak.art.pl\/index.php?rest_route=\/wp\/v2\/types\/page"}],"author":[{"embeddable":true,"href":"http:\/\/www.spak.art.pl\/index.php?rest_route=\/wp\/v2\/users\/1"}],"replies":[{"embeddable":true,"href":"http:\/\/www.spak.art.pl\/index.php?rest_route=%2Fwp%2Fv2%2Fcomments&post=19"}],"version-history":[{"count":10,"href":"http:\/\/www.spak.art.pl\/index.php?rest_route=\/wp\/v2\/pages\/19\/revisions"}],"predecessor-version":[{"id":7778,"href":"http:\/\/www.spak.art.pl\/index.php?rest_route=\/wp\/v2\/pages\/19\/revisions\/7778"}],"wp:attachment":[{"href":"http:\/\/www.spak.art.pl\/index.php?rest_route=%2Fwp%2Fv2%2Fmedia&parent=19"}],"curies":[{"name":"wp","href":"https:\/\/api.w.org\/{rel}","templated":true}]}}