{"id":37,"date":"2012-03-07T12:36:00","date_gmt":"2012-03-07T12:36:00","guid":{"rendered":"http:\/\/www.atelier-a3.pl\/spak\/?page_id=37"},"modified":"2021-10-13T19:49:39","modified_gmt":"2021-10-13T19:49:39","slug":"linki","status":"publish","type":"page","link":"http:\/\/www.spak.art.pl\/?page_id=37","title":{"rendered":"Linki"},"content":{"rendered":"<p><a href=\"http:\/\/www.spak.art.pl\/wp-content\/uploads\/2012\/03\/karykatura_ani-mru-mru.jpg\"><img loading=\"lazy\" decoding=\"async\" class=\"alignleft size-full wp-image-374\" title=\"karykatura_ani mru mru\" src=\"http:\/\/www.spak.art.pl\/wp-content\/uploads\/2012\/03\/karykatura_ani-mru-mru.jpg\" alt=\"\" width=\"100\" height=\"143\"><\/a><\/p>\n<p>&nbsp;<\/p>\n<p>&nbsp;<\/p>\n<p>&nbsp;<\/p>\n<p><span style=\"font-size: 14px;\"><strong><a href=\"http:\/\/www.karykatury.com.pl\/\" target=\"_blank\" rel=\"noopener\">Dariusz \u0141ab\u0119dzki \u2013 galeria karykatur, rysowanie na zam\u00f3wienie: ze zdj\u0119\u0107 i na imprezach<\/a><\/strong><\/span><\/p>\n<p><a href=\"http:\/\/www.spak.art.pl\/wp-content\/uploads\/2012\/03\/karykatura_hendrix1.jpg\"><img loading=\"lazy\" decoding=\"async\" class=\"size-full wp-image-376 alignleft\" title=\"karykatura_hendrix\" src=\"http:\/\/www.spak.art.pl\/wp-content\/uploads\/2012\/03\/karykatura_hendrix1.jpg\" alt=\"\" width=\"100\" height=\"145\"><\/a><\/p>\n<p>&nbsp;<\/p>\n<p>&nbsp;<\/p>\n<p>&nbsp;<\/p>\n<p><strong><a href=\"http:\/\/www.karykatury-animacja.pl\/\" target=\"_blank\" rel=\"noopener\"><span style=\"font-size: 14px;\">Dariusz Pietrzak &#8211; rysowanie karykatur na imprezach i ze zdj\u0119\u0107<\/span><\/a><\/strong><\/p>\n<p>&nbsp;<\/p>\n<p><span style=\"font-size: 14px;\"><strong><a href=\"http:\/\/www.spak.art.pl\/wp-content\/uploads\/2012\/03\/Wizyt\u00f3wka-gotowa-2-SPAK22.jpg\"><img loading=\"lazy\" decoding=\"async\" class=\"size-full wp-image-5692 alignnone\" title=\"Wizyt\u00f3wka - gotowa 2 SPAK2\" src=\"http:\/\/www.spak.art.pl\/wp-content\/uploads\/2012\/03\/Wizyt\u00f3wka-gotowa-2-SPAK22.jpg\" alt=\"\" width=\"250\" height=\"189\"><\/a><\/strong><\/span><\/p>\n<p><span style=\"font-size: 14px;\"><strong><a href=\"http:\/\/www.karykatury.pol2.com\/\" target=\"_blank\" rel=\"noopener\">Janusz Mrozowski &#8211; realizacja karykatur wg. fotografii i na \u017cywo (imprezy)<\/a><\/strong><\/span><\/p>\n","protected":false},"excerpt":{"rendered":"<p>&nbsp; &nbsp; &nbsp; Dariusz \u0141ab\u0119dzki \u2013 galeria karykatur, rysowanie na zam\u00f3wienie: ze zdj\u0119\u0107 i na imprezach &nbsp; &nbsp; &nbsp; Dariusz Pietrzak &#8211; rysowanie karykatur na imprezach i ze zdj\u0119\u0107 &nbsp; Janusz Mrozowski &#8211; realizacja karykatur wg. fotografii i na \u017cywo (imprezy)<\/p>\n","protected":false},"author":1,"featured_media":0,"parent":0,"menu_order":0,"comment_status":"closed","ping_status":"closed","template":"","meta":{"ngg_post_thumbnail":0,"footnotes":""},"class_list":["post-37","page","type-page","status-publish","hentry","nodate","item-wrap"],"_links":{"self":[{"href":"http:\/\/www.spak.art.pl\/index.php?rest_route=\/wp\/v2\/pages\/37","targetHints":{"allow":["GET"]}}],"collection":[{"href":"http:\/\/www.spak.art.pl\/index.php?rest_route=\/wp\/v2\/pages"}],"about":[{"href":"http:\/\/www.spak.art.pl\/index.php?rest_route=\/wp\/v2\/types\/page"}],"author":[{"embeddable":true,"href":"http:\/\/www.spak.art.pl\/index.php?rest_route=\/wp\/v2\/users\/1"}],"replies":[{"embeddable":true,"href":"http:\/\/www.spak.art.pl\/index.php?rest_route=%2Fwp%2Fv2%2Fcomments&post=37"}],"version-history":[{"count":11,"href":"http:\/\/www.spak.art.pl\/index.php?rest_route=\/wp\/v2\/pages\/37\/revisions"}],"predecessor-version":[{"id":7249,"href":"http:\/\/www.spak.art.pl\/index.php?rest_route=\/wp\/v2\/pages\/37\/revisions\/7249"}],"wp:attachment":[{"href":"http:\/\/www.spak.art.pl\/index.php?rest_route=%2Fwp%2Fv2%2Fmedia&parent=37"}],"curies":[{"name":"wp","href":"https:\/\/api.w.org\/{rel}","templated":true}]}}